{"id":538,"date":"2018-06-01T16:13:47","date_gmt":"2018-06-01T14:13:47","guid":{"rendered":"http:\/\/www.whs.cz\/?page_id=538"},"modified":"2024-11-22T12:51:01","modified_gmt":"2024-11-22T11:51:01","slug":"dotaznik","status":"publish","type":"page","link":"http:\/\/www.whs.cz\/en\/kariera\/questionnaire\/","title":{"rendered":"Questionnaire"},"content":{"rendered":"<h1 class=\"entry-title\">DOTAZN\u00cdK UCHAZE\u010cE<\/h1>\n<p class=\"center\"><strong>PROHL\u00c1\u0160EN\u00cd UCHAZE\u010cE O ZAM\u011aSTN\u00c1N\u00cd \u2013 Souhlas se zpracov\u00e1n\u00edm osobn\u00edch \u00fadaj\u016f<\/strong><\/p>\n<p style=\"text-align: left;\">Souhlas\u00edm, aby spole\u010dnost WHS-Handling spol. s r. o. zpracov\u00e1vala a uchov\u00e1vala moje osobn\u00ed \u00fadaje uveden\u00e9 v dotazn\u00edku a v p\u0159ilo\u017een\u00fdch souborech v souladu s na\u0159\u00edzen\u00edm Evropsk\u00e9ho parlamentu a Rady (EU) 2016\/679 ze dne 27. dubna 2016 o ochran\u011b fyzick\u00fdch osob v souvislosti se zpracov\u00e1n\u00edm osobn\u00edch \u00fadaj\u016f a o voln\u00e9m pohybu t\u011bchto \u00fadaj\u016f a o zru\u0161en\u00ed sm\u011brnice 95\/46\/ES (obecn\u00e9 na\u0159\u00edzen\u00ed o ochran\u011b osobn\u00edch \u00fadaj\u016f) (d\u00e1le jen <strong>\u201eGDPR\u201c<\/strong>).<\/p>\n<p style=\"text-align: left;\">Tento souhlas poskytuji pro \u00fa\u010dely veden\u00ed datab\u00e1ze uchaze\u010d\u016f o zam\u011bstn\u00e1n\u00ed (a\u017e do m\u00e9ho p\u00edsemn\u00e9ho odvol\u00e1n\u00ed), p\u0159\u00edpadn\u011b d\u00e1l jako o zam\u011bstnanci spole\u010dnosti WHS-Handling spol. s r. o. Z\u00e1rove\u0148 potvrzuji, \u017ee \u00fadaje uveden\u00e9 v dotazn\u00edku a p\u0159ilo\u017een\u00fdch souborech jsou p\u0159esn\u00e9 a pravdiv\u00e9.<\/p>\n<p style=\"text-align: left;\">Kliknut\u00edm na tla\u010d\u00edtko \u201eSouhlas\u00edm\u201c potvrzujete, \u017ee souhlas\u00edte s p\u0159ede\u0161l\u00fdm textem prohl\u00e1\u0161en\u00ed a jeho podm\u00ednkami. Po kliknut\u00ed na tla\u010d\u00edtko se ulo\u017e\u00ed dotazn\u00edk v souboru pro MS Excel. Soubor ve sv\u00e9m po\u010d\u00edta\u010di vypl\u0148te, p\u0159ilo\u017ete strukturovan\u00fd \u017eivotopis a p\u0159\u00edpadn\u00e9 dal\u0161\u00ed p\u0159\u00edlohy a ode\u0161lete s pr\u016fvodn\u00edm dopisem e-mailem na adresu:<\/p>\n<p class=\"center\"><a href=\"mailto:whs@whs.cz\">whs@whs.cz<\/a><\/p>\n<p class=\"center\" style=\"text-align: center;\"><a class=\"btn btn-primary btn-default\" href=\"\/wp-content\/uploads\/2018\/06\/Osobn\u00ed-dotazn\u00edk-uchaze\u010de-1.xls\">SOUHLAS\u00cdM<\/a><\/p>\n","protected":false},"excerpt":{"rendered":"<p>DOTAZN\u00cdK UCHAZE\u010cE PROHL\u00c1\u0160EN\u00cd UCHAZE\u010cE O ZAM\u011aSTN\u00c1N\u00cd \u2013 Souhlas se zpracov\u00e1n\u00edm osobn\u00edch \u00fadaj\u016f Souhlas\u00edm, aby spole\u010dnost WHS-Handling spol. s r. o. zpracov\u00e1vala a uchov\u00e1vala moje osobn\u00ed \u00fadaje uveden\u00e9 v dotazn\u00edku a v p\u0159ilo\u017een\u00fdch souborech v souladu s na\u0159\u00edzen\u00edm Evropsk\u00e9ho parlamentu a Rady (EU) 2016\/679 ze dne 27. dubna 2016 o ochran\u011b fyzick\u00fdch osob v souvislosti se <a href=\"http:\/\/www.whs.cz\/en\/kariera\/questionnaire\/\" rel=\"nofollow\"><span class=\"sr-only\">Read more about Questionnaire<\/span>[&#8230;]<\/a><\/p>\n","protected":false},"author":2,"featured_media":0,"parent":18,"menu_order":0,"comment_status":"closed","ping_status":"closed","template":"sablona-kariera.php","meta":{"footnotes":""},"_links":{"self":[{"href":"http:\/\/www.whs.cz\/en\/wp-json\/wp\/v2\/pages\/538"}],"collection":[{"href":"http:\/\/www.whs.cz\/en\/wp-json\/wp\/v2\/pages"}],"about":[{"href":"http:\/\/www.whs.cz\/en\/wp-json\/wp\/v2\/types\/page"}],"author":[{"embeddable":true,"href":"http:\/\/www.whs.cz\/en\/wp-json\/wp\/v2\/users\/2"}],"replies":[{"embeddable":true,"href":"http:\/\/www.whs.cz\/en\/wp-json\/wp\/v2\/comments?post=538"}],"version-history":[{"count":37,"href":"http:\/\/www.whs.cz\/en\/wp-json\/wp\/v2\/pages\/538\/revisions"}],"predecessor-version":[{"id":2559,"href":"http:\/\/www.whs.cz\/en\/wp-json\/wp\/v2\/pages\/538\/revisions\/2559"}],"up":[{"embeddable":true,"href":"http:\/\/www.whs.cz\/en\/wp-json\/wp\/v2\/pages\/18"}],"wp:attachment":[{"href":"http:\/\/www.whs.cz\/en\/wp-json\/wp\/v2\/media?parent=538"}],"curies":[{"name":"wp","href":"https:\/\/api.w.org\/{rel}","templated":true}]}}