{"id":537,"date":"2018-06-01T16:13:46","date_gmt":"2018-06-01T14:13:46","guid":{"rendered":"http:\/\/www.whs.cz\/?page_id=537"},"modified":"2026-03-09T13:28:11","modified_gmt":"2026-03-09T12:28:11","slug":"pracovni-pozice","status":"publish","type":"page","link":"http:\/\/www.whs.cz\/en\/kariera\/job_offers\/","title":{"rendered":"Job offers"},"content":{"rendered":"<p><\/p>\n<h1 class=\"entry-title\"><strong>P\u0159idejte<\/strong> se k n\u00e1m<\/h1>\n<p style=\"text-align: justify\">Jsme \u010desk\u00e1 firma se \u0161v\u00fdcarskou mate\u0159skou spole\u010dnost\u00ed a od roku 2000 automatizujeme a robotizujeme v\u00fdrobn\u00ed procesy v nejr\u016fzn\u011bj\u0161\u00edch pr\u016fmyslov\u00fdch odv\u011btv\u00edch. V oboru m\u00e1me bohat\u00e9 zku\u0161enosti a vytvo\u0159ili jsme vynikaj\u00edc\u00ed t\u00fdm odborn\u00edk\u016f, d\u00edky kter\u00e9mu m\u016f\u017eeme na\u0161im z\u00e1kazn\u00edk\u016fm poskytovat profi slu\u017eby od n\u00e1vrhu automatizace, kter\u00fd zahrnuje konstrukci, elekroprojekci a v\u00fdvoj software, a\u017e po jejich v\u00fdrobu, instalaci a servis. \n<br><\/p><p><\/p><p style=\"text-align: justify\">\n     Vyv\u00edj\u00edme a integrujeme vysoce v\u00fdkonn\u00e9 robotick\u00e9 bu\u0148ky a v\u00fdrobn\u00ed linky. Na\u0161e \u0159e\u0161en\u00ed a instalace, \u010dasto vybaven\u00e9 mobiln\u00edmi a kolaborativn\u00edmi robotick\u00fdmi \u0159e\u0161en\u00edmi, spl\u0148uj\u00ed po\u017eadavky Industry 4.0 pro chytr\u00e9 tov\u00e1rny.\n<br><\/p><p><\/p><p style=\"text-align: justify\">\n     Rozs\u00e1hl\u00e9 automatiza\u010dn\u00ed linky \u0159\u00edd\u00edme vlastn\u00edm sofistikovan\u00fdm software, kter\u00fd m\u00e1 podle typu a rozsahu aplikace na starosti \u0159\u00edzen\u00ed v\u00fdrobn\u00edho procesu ve v\u0161ech \u00farovn\u00edch od IO a\u017e po propojen\u00ed na firemn\u00ed\u202fERP nebo jin\u00e9 informa\u010dn\u00ed syst\u00e9my z\u00e1kazn\u00edk\u016f. \n<br><\/p><p><\/p><p style=\"text-align: justify\">\n     V roce 2024 pl\u00e1nujeme roz\u0161\u00ed\u0159it n\u00e1\u0161 men\u0161\u00ed t\u00fdm o n\u011bkolik nov\u00fdch koleg\u016f \/ kolegy\u0148, kte\u0159\u00ed \/ kter\u00e9 n\u00e1m pomohou k dosa\u017een\u00ed na\u0161ich firemn\u00edch c\u00edl\u016f a budou na\u0161imi par\u0165\u00e1ky \/ par\u0165a\u010dkami nejen p\u0159i \u0159e\u0161en\u00ed slo\u017eit\u00e9ho projektu, ale taky na spole\u010dn\u00fdch akc\u00edch, jako je spole\u010dn\u00e9 grilov\u00e1n\u00ed nebo v\u00edkend na hor\u00e1ch.<\/p>\n<div class=\"row\">\n<div class=\"col-md-6\">\n\n<h2>Konstrukt\u00e9r (m\/\u017e)<\/h2>\n<p><a class=\"btn btn-primary btn-default\" href=\"\/kariera\/konstrukter\/\">Chci v\u011bd\u011bt v\u00edce<\/a><\/p>\n\n<!--\n<h2>C# v\u00fdvoj\u00e1\u0159 (m\/\u017e)<\/h2>\n<p><\/p>\n<p><a class=\"btn btn-primary btn-default\" href=\"\/kariera\/vyvojar-ridicich-systemu\/\">Chci v\u011bd\u011bt v\u00edce<\/a><\/p>\n\n<h2>Elektromechanik (m\/\u017e)<\/h2>\n<p><\/p>\n<p><a class=\"btn btn-primary btn-default\" href=\"\/kariera\/elektromechanik\/\">Chci v\u011bd\u011bt v\u00edce<\/a><\/p>\n-->\n<h2>Program\u00e1tor PLC \/ pr\u016fmyslov\u00fdch robot\u016f (m\/\u017e)<\/h2>\n<p><\/p>\n<p><a class=\"btn btn-primary btn-default\" href=\"\/kariera\/programator-plc-prumyslovych-robotu\/\">Chci v\u011bd\u011bt v\u00edce<\/a><\/p>\n\n<\/div>\n\n<div class=\"row\">\n<div class=\"col-md-6\">\n<!--\n<h2>Elektroprojektant (m\/\u017e)<\/h2>\n<p><a class=\"btn btn-primary btn-default\" href=\"\/kariera\/elektroprojektant\/\">Chci v\u011bd\u011bt v\u00edce<\/a><\/p>\n\n<h2>Projektov\u00fd mana\u017eer (m\/\u017e)<\/h2>\n<p><\/p>\n<p><a class=\"btn btn-primary btn-default\" href=\"\/kariera\/projektovy-manazer\/\">Chci v\u011bd\u011bt v\u00edce<\/a><\/p>\n\n<h2>Oper\u00e1tor CNC stroj\u016f (m\/\u017e)<\/h2>\n<p><\/p>\n<p><a class=\"btn btn-primary btn-default\" href=\"\/kariera\/operator-cnc-stroju-m-z\/\">Chci v\u011bd\u011bt v\u00edce<\/a><\/p>\n-->\n<h2>Obchodn\u011b technick\u00fd z\u00e1stupce (m\/\u017e)<\/h2>\n<p><\/p>\n<p><a class=\"btn btn-primary btn-default\" href=\"\/kariera\/obchodne-technicky-zastupce-m-z\/\">Chci v\u011bd\u011bt v\u00edce<\/a>\n<\/div>\n<p><\/p>\n<\/div>\n<\/div><\/div><\/div>","protected":false},"excerpt":{"rendered":"<p>P\u0159idejte se k n\u00e1m Jsme \u010desk\u00e1 firma se \u0161v\u00fdcarskou mate\u0159skou spole\u010dnost\u00ed a od roku 2000 automatizujeme a robotizujeme v\u00fdrobn\u00ed procesy v nejr\u016fzn\u011bj\u0161\u00edch pr\u016fmyslov\u00fdch odv\u011btv\u00edch. V oboru m\u00e1me bohat\u00e9 zku\u0161enosti a vytvo\u0159ili jsme vynikaj\u00edc\u00ed t\u00fdm odborn\u00edk\u016f, d\u00edky kter\u00e9mu m\u016f\u017eeme na\u0161im z\u00e1kazn\u00edk\u016fm poskytovat profi slu\u017eby od n\u00e1vrhu automatizace, kter\u00fd zahrnuje konstrukci, elekroprojekci a v\u00fdvoj software, a\u017e po <a href=\"http:\/\/www.whs.cz\/en\/kariera\/job_offers\/\" rel=\"nofollow\"><span class=\"sr-only\">Read more about Job offers<\/span>[&#8230;]<\/a><\/p>\n","protected":false},"author":2,"featured_media":0,"parent":18,"menu_order":0,"comment_status":"closed","ping_status":"closed","template":"sablona-kariera.php","meta":{"footnotes":""},"_links":{"self":[{"href":"http:\/\/www.whs.cz\/en\/wp-json\/wp\/v2\/pages\/537"}],"collection":[{"href":"http:\/\/www.whs.cz\/en\/wp-json\/wp\/v2\/pages"}],"about":[{"href":"http:\/\/www.whs.cz\/en\/wp-json\/wp\/v2\/types\/page"}],"author":[{"embeddable":true,"href":"http:\/\/www.whs.cz\/en\/wp-json\/wp\/v2\/users\/2"}],"replies":[{"embeddable":true,"href":"http:\/\/www.whs.cz\/en\/wp-json\/wp\/v2\/comments?post=537"}],"version-history":[{"count":94,"href":"http:\/\/www.whs.cz\/en\/wp-json\/wp\/v2\/pages\/537\/revisions"}],"predecessor-version":[{"id":3189,"href":"http:\/\/www.whs.cz\/en\/wp-json\/wp\/v2\/pages\/537\/revisions\/3189"}],"up":[{"embeddable":true,"href":"http:\/\/www.whs.cz\/en\/wp-json\/wp\/v2\/pages\/18"}],"wp:attachment":[{"href":"http:\/\/www.whs.cz\/en\/wp-json\/wp\/v2\/media?parent=537"}],"curies":[{"name":"wp","href":"https:\/\/api.w.org\/{rel}","templated":true}]}}