{"id":521,"date":"2018-05-21T08:29:48","date_gmt":"2018-05-21T06:29:48","guid":{"rendered":"http:\/\/www.whs.cz\/?page_id=521"},"modified":"2026-03-09T13:21:34","modified_gmt":"2026-03-09T12:21:34","slug":"elektroprojektant","status":"publish","type":"page","link":"http:\/\/www.whs.cz\/en\/kariera\/elektroprojektant\/","title":{"rendered":"(CZE) ELEKTROPROJEKTANT (m\/\u017e)"},"content":{"rendered":"<p><\/p>\n<h1 class=\"entry-title\"><strong>ELEKTROPROJEKTANT (m\/\u017e)<\/strong><\/h1>\n<p class=\"center\">Jsi <strong>technicky zdatn\u00fd\/\u00e1<\/strong>, m\u00e1\u0161 r\u00e1d\/a v\u00fdzvy a jsi t\u00fdmov\u00fd hr\u00e1\u010d? Mo\u017en\u00e1 hled\u00e1me pr\u00e1v\u011b tebe, <a href=\"\/dotaznik\/\">tak se ozvi<\/a>. S ohledem na rozr\u016fstaj\u00edc\u00ed se po\u010det zak\u00e1zek hled\u00e1me nov\u00e9 posily do na\u0161eho t\u00fdmu, kte\u0159\u00ed n\u00e1m pomohou vymyslet, zrealizovat, nainstalovat a <a href=\"\/reference\/\">podporovat na\u0161e projekty<\/a>.<\/p>\n<div class=\"row\">\n<div class=\"col-sm-6\">\n<h2 style=\"text-align: left;\">N\u00e1pl\u0148 pr\u00e1ce:<\/h2>\n<ul style=\"text-align: left;\">\n<li>n\u00e1vrh a tvorba elektrick\u00fdch a pneumatick\u00fdch sch\u00e9mat v prost\u0159ed\u00ed ePlan<\/li>\n<li>tvorba dokumentace<\/li>\n<li>podpora pro mont\u00e1\u017e, program\u00e1tora<\/li>\n<li>spolupr\u00e1ce s odd\u011blen\u00edm konstrukce<\/li>\n<\/ul>\n<\/div>\n<div class=\"col-sm-6\" style=\"text-align: left;\">\n<h2>Po\u017eadujeme:<\/h2>\n<ul>\n<li>vzd\u011bl\u00e1n\u00ed technick\u00e9ho sm\u011bru S\u0160\/V\u0160<\/li>\n<li>orientace v technick\u00e9 dokumentaci<\/li>\n<li>znalost prost\u0159ed\u00ed ePlan v\u00fdhodou<\/li>\n<li>znalost Aj nebo NJ v\u00fdhodou<\/li>\n<li>schopnost pracovat v t\u00fdmu a zodpov\u011bdnost<\/li>\n<\/ul>\n<\/div>\n<\/div>\n<div class=\"row\">\n<div class=\"col-sm-6\" style=\"text-align: left;\">\n<h2>Nab\u00edz\u00edme:<\/h2>\n<ul>\n<li><strong>Projekt <\/strong>(zaj\u00edmav\u00e9 projekty, kter\u00e9 t\u011b budou bavit, vytr\u00e9nuje\u0161 sv\u00e9 dovednosti a uvid\u00ed\u0161 v\u00fdsledek sv\u00e9 pr\u00e1ce, kter\u00fd z\u00e1kazn\u00edk\u016fm p\u0159in\u00e1\u0161\u00ed hmatateln\u00fd u\u017eitek)<\/li>\n<li><strong>Pen\u00edze\u00a0<\/strong>(platov\u00e9 ohodnocen\u00ed dle zku\u0161enost\u00ed, 13. plat, a dal\u0161\u00ed finan\u010dn\u00ed odm\u011bny, kter\u00e9 reflektuj\u00ed to, co k n\u00e1m do t\u00fdmu p\u0159inese\u0161 a za kter\u00e9 si po\u0159\u00edd\u00ed\u0161 benefit, jak\u00fd bude\u0161 cht\u00edt)<\/li>\n<li><strong>Parta\u00a0<\/strong>(pr\u00e1ci v pohodov\u00e9m profesion\u00e1ln\u00edm t\u00fdmu, kde si pom\u00e1h\u00e1me a vz\u00e1jemn\u011b podporujeme. P\u0159\u00e1telskou atmosf\u00e9ru budujeme tak\u00e9 spole\u010dn\u00fdm grilov\u00e1n\u00edm, kotl\u00edkov\u00fdm gul\u00e1\u0161kem nebo v\u00edkendem na hor\u00e1ch).<\/li>\n<li><strong>Smlouvu na dobu neur\u010ditou, mo\u017enost vzd\u011bl\u00e1v\u00e1n\u00ed, 5 t\u00fddn\u016f dovolen\u00e9<\/strong><\/li>\n<\/ul>\n<p><strong>Pracovi\u0161t\u011b:<\/strong> <span style=\"font-size: revert; color: initial;\">Doln\u00ed To\u0161anovice<\/span> (okres Fr\u00fddek-M\u00edstek) \/ Olomouc<\/p>\n<\/div>\n<div class=\"col-sm-6\">\n<h2 style=\"text-align: left;\">Kontakt:<\/h2>\n<ul>\n<li style=\"text-align: left;\"><a href=\"mailto:whs@whs.cz\">whs@whs.cz<\/a><\/li>\n<li style=\"text-align: left;\">tel. +420 555 440 540<\/li>\n<\/ul>\n<\/div>\n<\/div>\n<h6 style=\"text-align: center;\"><a class=\"btn btn-primary btn-default\" href=\"\/dotaznik\/\">M\u00e1m z\u00e1jem o pracovn\u00ed pozici<\/a><\/h6>\n<p><\/p>","protected":false},"excerpt":{"rendered":"<p>ELEKTROPROJEKTANT (m\/\u017e) Jsi technicky zdatn\u00fd\/\u00e1, m\u00e1\u0161 r\u00e1d\/a v\u00fdzvy a jsi t\u00fdmov\u00fd hr\u00e1\u010d? Mo\u017en\u00e1 hled\u00e1me pr\u00e1v\u011b tebe, tak se ozvi. S ohledem na rozr\u016fstaj\u00edc\u00ed se po\u010det zak\u00e1zek hled\u00e1me nov\u00e9 posily do na\u0161eho t\u00fdmu, kte\u0159\u00ed n\u00e1m pomohou vymyslet, zrealizovat, nainstalovat a podporovat na\u0161e projekty. N\u00e1pl\u0148 pr\u00e1ce: n\u00e1vrh a tvorba elektrick\u00fdch a pneumatick\u00fdch sch\u00e9mat v prost\u0159ed\u00ed ePlan tvorba <a href=\"http:\/\/www.whs.cz\/en\/kariera\/elektroprojektant\/\" rel=\"nofollow\"><span class=\"sr-only\">Read more about (CZE) ELEKTROPROJEKTANT (m\/\u017e)<\/span>[&#8230;]<\/a><\/p>\n","protected":false},"author":2,"featured_media":0,"parent":18,"menu_order":0,"comment_status":"closed","ping_status":"closed","template":"sablona-kariera.php","meta":{"footnotes":""},"_links":{"self":[{"href":"http:\/\/www.whs.cz\/en\/wp-json\/wp\/v2\/pages\/521"}],"collection":[{"href":"http:\/\/www.whs.cz\/en\/wp-json\/wp\/v2\/pages"}],"about":[{"href":"http:\/\/www.whs.cz\/en\/wp-json\/wp\/v2\/types\/page"}],"author":[{"embeddable":true,"href":"http:\/\/www.whs.cz\/en\/wp-json\/wp\/v2\/users\/2"}],"replies":[{"embeddable":true,"href":"http:\/\/www.whs.cz\/en\/wp-json\/wp\/v2\/comments?post=521"}],"version-history":[{"count":22,"href":"http:\/\/www.whs.cz\/en\/wp-json\/wp\/v2\/pages\/521\/revisions"}],"predecessor-version":[{"id":3179,"href":"http:\/\/www.whs.cz\/en\/wp-json\/wp\/v2\/pages\/521\/revisions\/3179"}],"up":[{"embeddable":true,"href":"http:\/\/www.whs.cz\/en\/wp-json\/wp\/v2\/pages\/18"}],"wp:attachment":[{"href":"http:\/\/www.whs.cz\/en\/wp-json\/wp\/v2\/media?parent=521"}],"curies":[{"name":"wp","href":"https:\/\/api.w.org\/{rel}","templated":true}]}}