{"id":491,"date":"2018-04-25T08:28:18","date_gmt":"2018-04-25T06:28:18","guid":{"rendered":"http:\/\/www.whs.cz\/?page_id=491"},"modified":"2023-11-27T21:22:33","modified_gmt":"2023-11-27T20:22:33","slug":"elektrotechnik","status":"publish","type":"page","link":"http:\/\/www.whs.cz\/en\/kariera\/elektromechanik\/","title":{"rendered":"(CZE) ELEKTROMECHANIK (m\/\u017e)"},"content":{"rendered":"<p><\/p>\n<h1 class=\"entry-title\"><strong> ELEKTROMECHANIK (m\/\u017e)<\/strong><\/h1>\n<ul type=\"disc\">\n<li class=\"x_MsoNormal\" style=\"text-align: left;\" data-ogsc=\"black\" data-ogsb=\"white\"><span data-ogsc=\"\">m\u00e1\u0161 st\u0159edn\u00ed odborn\u00e9 vzd\u011bl\u00e1n\u00ed elektrotechnick\u00e9ho sm\u011bru<\/span><\/li>\n<li class=\"x_MsoNormal\" style=\"text-align: left;\" data-ogsc=\"black\" data-ogsb=\"white\"><span data-ogsc=\"\">m\u00e1\u0161 NV \u010d. 194\/2022 Sb. (vyhl. 50\/78Sb. min. \u00a75)<\/span><\/li>\n<li class=\"x_MsoNormal\" style=\"text-align: left;\" data-ogsc=\"black\" data-ogsb=\"white\"><span data-ogsc=\"\">m\u00e1\u0161 chu\u0165 a z\u00e1jem pracovat v oblasti automatizace a robotizace, v\u0161e ostatn\u00ed t\u011b nau\u010d\u00ed n\u00e1\u0161 skv\u011bl\u00fd vedouc\u00ed elektro-mont\u00e1\u017en\u00ed d\u00edlny a dal\u0161\u00ed kolegov\u00e9 \ud83d\ude42<\/span><\/li>\n<li class=\"x_MsoNormal\" style=\"text-align: left;\" data-ogsc=\"black\" data-ogsb=\"white\"><span data-ogsc=\"\">chce\u0161 pracovat v men\u0161\u00edm t\u00fdmu a neboj\u00ed\u0161 se zodpov\u011bdnosti<\/span><\/li>\n<li class=\"x_MsoNormal\" style=\"text-align: left;\" data-ogsc=\"black\" data-ogsb=\"white\"><span data-ogsc=\"\">chce\u0161 p\u0159em\u00fd\u0161let, u\u010dit se nov\u00e9 v\u011bci a zkoumat jejich praktick\u00e9 vyu\u017eit\u00ed<\/span><\/li>\n<li class=\"x_MsoNormal\" style=\"text-align: left;\" data-ogsc=\"black\" data-ogsb=\"white\"><span data-ogsc=\"\">m\u00e1\u0161 \u0159idi\u010dsk\u00fd pr\u016fkaz sk. B<\/span><\/li>\n<\/ul>\n<div class=\"row\">\n<div class=\"col-sm-6\">\n<h2 style=\"text-align: left;\">Co t\u011b u n\u00e1s \u010dek\u00e1?<\/h2>\n<ul style=\"text-align: left;\">\n<li class=\"x_MsoNormal\" data-ogsc=\"black\" data-ogsb=\"white\"><span data-ogsc=\"\">realizace projekt\u016f pro automatizovan\u00e1 pracovi\u0161t\u011b a robotick\u00e9 bu\u0148ky dle pokyn\u016f vedouc\u00edho elektro-mont\u00e1\u017en\u00ed d\u00edlny<\/span><\/li>\n<li class=\"x_MsoNormal\" data-ogsc=\"black\" data-ogsb=\"white\"><span data-ogsc=\"\">zapojov\u00e1n\u00ed rozvad\u011b\u010d\u016f dle elektro-sch\u00e9mat<\/span><\/li>\n<li class=\"x_MsoNormal\" data-ogsc=\"black\" data-ogsb=\"white\"><span data-ogsc=\"\">spolupr\u00e1ce p\u0159i o\u017eivov\u00e1n\u00ed a odla\u010fov\u00e1n\u00ed pracovi\u0161\u0165 a robotick\u00fdch bun\u011bk<\/span><\/li>\n<li class=\"x_MsoNormal\" data-ogsc=\"black\" data-ogsb=\"white\"><span data-ogsc=\"\">pouze rann\u00ed sm\u011bny<\/span><\/li>\n<\/ul>\n<\/div>\n<div class=\"row\">\n<div class=\"col-sm-6\" style=\"text-align: left;\">\n<h2>Co ti m\u016f\u017eeme za tv\u00e9 v\u00fdsledky nab\u00eddnout?<\/h2>\n<ul>\n<li class=\"x_MsoNormal\" data-ogsc=\"black\" data-ogsb=\"white\"><b data-ogsc=\"\"><span data-ogsc=\"\">Projekt&nbsp;<\/span><\/b><span data-ogsc=\"\">(zaj\u00edmav\u00e9 projekty, kter\u00e9 t\u011b budou bavit, vytr\u00e9nuje\u0161 sv\u00e9 dovednosti a uvid\u00ed\u0161 v\u00fdsledek sv\u00e9 pr\u00e1ce, kter\u00fd z\u00e1kazn\u00edk\u016fm p\u0159in\u00e1\u0161\u00ed u\u017eitek)<\/span><\/li>\n<li class=\"x_MsoNormal\" data-ogsc=\"black\" data-ogsb=\"white\"><b data-ogsc=\"\"><span data-ogsc=\"\">Pen\u00edze&nbsp;<\/span><\/b><span data-ogsc=\"\">(platov\u00e9 ohodnocen\u00ed dle zku\u0161enost\u00ed, 13. plat, a dal\u0161\u00ed finan\u010dn\u00ed odm\u011bny, kter\u00e9 reflektuj\u00ed to, co k n\u00e1m do t\u00fdmu p\u0159inese\u0161 a za kter\u00e9 si po\u0159\u00edd\u00ed\u0161 benefit, jak\u00fd bude\u0161 cht\u00edt)<\/span><\/li>\n<li class=\"x_MsoNormal\" data-ogsc=\"black\" data-ogsb=\"white\"><b data-ogsc=\"\"><span data-ogsc=\"\">Parta&nbsp;<\/span><\/b><span data-ogsc=\"\">(pr\u00e1ci v pohodov\u00e9m profesion\u00e1ln\u00edm t\u00fdmu, kde si pom\u00e1h\u00e1me a vz\u00e1jemn\u011b podporujeme. P\u0159\u00e1telskou atmosf\u00e9ru budujeme tak\u00e9 spole\u010dn\u00fdm grilov\u00e1n\u00edm, kotl\u00edkov\u00fdm gul\u00e1\u0161kem nebo v\u00edkendem na hor\u00e1ch).<\/span><\/li>\n<li class=\"x_MsoNormal\" data-ogsc=\"black\" data-ogsb=\"white\"><b data-ogsc=\"\"><span data-ogsc=\"\">Smlouvu na dobu neur\u010ditou<\/span><\/b><span data-ogsc=\"\">, mo\u017enost&nbsp;<b data-ogsc=\"\">vzd\u011bl\u00e1v\u00e1n\u00ed<\/b>, 5 t\u00fddn\u016f dovolen\u00e9<\/span><\/li>\n<\/ul>\n<\/div>\n<\/div>\n<p style=\"text-align: left;\">\n<p class=\"x_MsoNormal\" data-ogsb=\"white\"><span data-ogsc=\"black\">Pokud t\u011b pozice zaujala, po\u0161li n\u00e1m sv\u016fj \u017eivotopis. Prvn\u00ed kontakt prob\u011bhne telefonicky, kde ti sd\u011bl\u00edme podrobnosti a pokud se budeme v na\u0161ich p\u0159edstav\u00e1ch shodovat, pozveme t\u011b k osobn\u00edmu setk\u00e1n\u00ed, uk\u00e1\u017eeme prostory firmy, kde se potk\u00e1\u0161 s potencion\u00e1ln\u00edmi budouc\u00edmi kolegy, pozn\u00e1\u0161 super projekty, na kter\u00fdch te\u010f pracujeme a posoud\u00ed\u0161, zda jsme pro tebe spr\u00e1vn\u00e1 volba.<\/span><\/p>\n<p class=\"x_MsoNormal\" data-ogsb=\"white\"><span data-ogsc=\"black\">T\u011b\u0161\u00edme se na tebe \ud83d\ude42<\/span><\/p>\n<p class=\"x_MsoNormal\" data-ogsb=\"white\"><b><span data-ogsc=\"black\">WHS t\u00fdm<\/span><\/b><\/p>\n<\/div>\n<\/div>\n<h6 style=\"text-align: center;\"><a class=\"btn btn-primary btn-default\" href=\"\/dotaznik\/\">M\u00e1m z\u00e1jem o pracovn\u00ed pozici<\/a><\/h6>\n<p><\/p>","protected":false},"excerpt":{"rendered":"<p>ELEKTROMECHANIK (m\/\u017e) m\u00e1\u0161 st\u0159edn\u00ed odborn\u00e9 vzd\u011bl\u00e1n\u00ed elektrotechnick\u00e9ho sm\u011bru m\u00e1\u0161 NV \u010d. 194\/2022 Sb. (vyhl. 50\/78Sb. min. \u00a75) m\u00e1\u0161 chu\u0165 a z\u00e1jem pracovat v oblasti automatizace a robotizace, v\u0161e ostatn\u00ed t\u011b nau\u010d\u00ed n\u00e1\u0161 skv\u011bl\u00fd vedouc\u00ed elektro-mont\u00e1\u017en\u00ed d\u00edlny a dal\u0161\u00ed kolegov\u00e9 \ud83d\ude42 chce\u0161 pracovat v men\u0161\u00edm t\u00fdmu a neboj\u00ed\u0161 se zodpov\u011bdnosti chce\u0161 p\u0159em\u00fd\u0161let, u\u010dit se nov\u00e9 v\u011bci <a href=\"http:\/\/www.whs.cz\/en\/kariera\/elektromechanik\/\" rel=\"nofollow\"><span class=\"sr-only\">Read more about (CZE) ELEKTROMECHANIK (m\/\u017e)<\/span>[&#8230;]<\/a><\/p>\n","protected":false},"author":2,"featured_media":0,"parent":18,"menu_order":0,"comment_status":"closed","ping_status":"closed","template":"sablona-kariera.php","meta":{"footnotes":""},"_links":{"self":[{"href":"http:\/\/www.whs.cz\/en\/wp-json\/wp\/v2\/pages\/491"}],"collection":[{"href":"http:\/\/www.whs.cz\/en\/wp-json\/wp\/v2\/pages"}],"about":[{"href":"http:\/\/www.whs.cz\/en\/wp-json\/wp\/v2\/types\/page"}],"author":[{"embeddable":true,"href":"http:\/\/www.whs.cz\/en\/wp-json\/wp\/v2\/users\/2"}],"replies":[{"embeddable":true,"href":"http:\/\/www.whs.cz\/en\/wp-json\/wp\/v2\/comments?post=491"}],"version-history":[{"count":28,"href":"http:\/\/www.whs.cz\/en\/wp-json\/wp\/v2\/pages\/491\/revisions"}],"predecessor-version":[{"id":2396,"href":"http:\/\/www.whs.cz\/en\/wp-json\/wp\/v2\/pages\/491\/revisions\/2396"}],"up":[{"embeddable":true,"href":"http:\/\/www.whs.cz\/en\/wp-json\/wp\/v2\/pages\/18"}],"wp:attachment":[{"href":"http:\/\/www.whs.cz\/en\/wp-json\/wp\/v2\/media?parent=491"}],"curies":[{"name":"wp","href":"https:\/\/api.w.org\/{rel}","templated":true}]}}